{"id":2271,"date":"2021-10-11T16:30:37","date_gmt":"2021-10-11T15:30:37","guid":{"rendered":"https:\/\/www.propilhas.pt\/?page_id=2271"},"modified":"2026-01-14T21:15:56","modified_gmt":"2026-01-14T20:15:56","slug":"tecnologia-e-gadgets","status":"publish","type":"page","link":"https:\/\/www.propilhas.pt\/en\/areas-de-negocio\/tecnologia-e-gadgets\/","title":{"rendered":"Gadgets"},"content":{"rendered":"<div data-elementor-type=\"wp-page\" data-elementor-id=\"2271\" class=\"elementor elementor-2271\">\n\t\t\t\t\t\t\t\t\t<section class=\"elementor-section elementor-top-section elementor-element elementor-element-2285b59 elementor-section-stretched elementor-section-height-min-height elementor-section-boxed elementor-section-height-default elementor-section-items-middle\" data-id=\"2285b59\" data-element_type=\"section\" data-settings=\"{&quot;stretch_section&quot;:&quot;section-stretched&quot;,&quot;background_background&quot;:&quot;classic&quot;}\">\n\t\t\t\t\t\t<div class=\"elementor-container elementor-column-gap-default\">\n\t\t\t\t\t<div class=\"elementor-column elementor-col-100 elementor-top-column elementor-element elementor-element-ce8c140\" data-id=\"ce8c140\" data-element_type=\"column\">\n\t\t\t<div class=\"elementor-widget-wrap\">\n\t\t\t\t\t\t\t\t\t<\/div>\n\t\t<\/div>\n\t\t\t\t\t\t\t<\/div>\n\t\t<\/section>\n\t\t\t\t<section class=\"elementor-section elementor-top-section elementor-element elementor-element-4aaabe97 elementor-section-boxed elementor-section-height-default elementor-section-height-default\" data-id=\"4aaabe97\" data-element_type=\"section\">\n\t\t\t\t\t\t<div class=\"elementor-container elementor-column-gap-default\">\n\t\t\t\t\t<div class=\"elementor-column elementor-col-100 elementor-top-column elementor-element elementor-element-a893fcb\" data-id=\"a893fcb\" data-element_type=\"column\">\n\t\t\t<div class=\"elementor-widget-wrap elementor-element-populated\">\n\t\t\t\t\t\t\t\t<div class=\"elementor-element elementor-element-978ee31 elementor-widget elementor-widget-heading\" data-id=\"978ee31\" data-element_type=\"widget\" data-widget_type=\"heading.default\">\n\t\t\t\t<div class=\"elementor-widget-container\">\n\t\t\t<h1 class=\"elementor-heading-title elementor-size-default\">BUSINESS AREAS<\/h1>\t\t<\/div>\n\t\t\t\t<\/div>\n\t\t\t\t<div class=\"elementor-element elementor-element-4dc4b6c elementor-widget elementor-widget-heading\" data-id=\"4dc4b6c\" data-element_type=\"widget\" data-widget_type=\"heading.default\">\n\t\t\t\t<div class=\"elementor-widget-container\">\n\t\t\t<h3 class=\"elementor-heading-title elementor-size-default\">Tecnologia E gadgets<\/h3>\t\t<\/div>\n\t\t\t\t<\/div>\n\t\t\t\t\t<\/div>\n\t\t<\/div>\n\t\t\t\t\t\t\t<\/div>\n\t\t<\/section>\n\t\t\t\t<section class=\"elementor-section elementor-top-section elementor-element elementor-element-82195d8 elementor-section-stretched elementor-section-height-min-height elementor-section-content-middle elementor-section-boxed elementor-section-height-default elementor-section-items-middle\" data-id=\"82195d8\" data-element_type=\"section\" data-settings=\"{&quot;stretch_section&quot;:&quot;section-stretched&quot;,&quot;background_background&quot;:&quot;classic&quot;}\">\n\t\t\t\t\t\t<div class=\"elementor-container elementor-column-gap-default\">\n\t\t\t\t\t<div class=\"elementor-column elementor-col-100 elementor-top-column elementor-element elementor-element-51f295c\" data-id=\"51f295c\" data-element_type=\"column\">\n\t\t\t<div class=\"elementor-widget-wrap elementor-element-populated\">\n\t\t\t\t\t\t\t\t<div class=\"elementor-element elementor-element-de604a1 elementor-widget elementor-widget-heading\" data-id=\"de604a1\" data-element_type=\"widget\" data-widget_type=\"heading.default\">\n\t\t\t\t<div class=\"elementor-widget-container\">\n\t\t\t<h4 class=\"elementor-heading-title elementor-size-default\">As mais recentes novidades de acess\u00f3rios tecnol\u00f3gicos e do mercado dos gadgets, na Propilhas.<\/h4>\t\t<\/div>\n\t\t\t\t<\/div>\n\t\t\t\t\t<\/div>\n\t\t<\/div>\n\t\t\t\t\t\t\t<\/div>\n\t\t<\/section>\n\t\t\t\t<section class=\"elementor-section elementor-top-section elementor-element elementor-element-5859ef8 elementor-section-boxed elementor-section-height-default elementor-section-height-default\" data-id=\"5859ef8\" data-element_type=\"section\" data-settings=\"{&quot;background_background&quot;:&quot;classic&quot;}\">\n\t\t\t\t\t\t<div class=\"elementor-container elementor-column-gap-default\">\n\t\t\t\t\t<div class=\"elementor-column elementor-col-50 elementor-top-column elementor-element elementor-element-e9cf1e8\" data-id=\"e9cf1e8\" data-element_type=\"column\">\n\t\t\t<div class=\"elementor-widget-wrap elementor-element-populated\">\n\t\t\t\t\t\t\t\t<div class=\"elementor-element elementor-element-9880827 elementor-widget elementor-widget-image\" data-id=\"9880827\" data-element_type=\"widget\" data-widget_type=\"image.default\">\n\t\t\t\t<div class=\"elementor-widget-container\">\n\t\t\t\t\t\t\t\t\t\t\t\t<figure class=\"wp-caption\">\n\t\t\t\t\t\t\t\t\t\t<img loading=\"lazy\" decoding=\"async\" width=\"200\" height=\"200\" src=\"https:\/\/www.propilhas.pt\/wp-content\/uploads\/2021\/08\/DCU-Logo.png\" class=\"attachment-large size-large wp-image-798\" alt=\"\" srcset=\"https:\/\/www.propilhas.pt\/wp-content\/uploads\/2021\/08\/DCU-Logo.png 200w, https:\/\/www.propilhas.pt\/wp-content\/uploads\/2021\/08\/DCU-Logo-100x100.png 100w, https:\/\/www.propilhas.pt\/wp-content\/uploads\/2021\/08\/DCU-Logo-150x150.png 150w\" sizes=\"auto, (max-width: 200px) 100vw, 200px\" \/>\t\t\t\t\t\t\t\t\t\t\t<figcaption class=\"widget-image-caption wp-caption-text\">DCU Tecnologic<\/figcaption>\n\t\t\t\t\t\t\t\t\t\t<\/figure>\n\t\t\t\t\t\t\t\t\t<\/div>\n\t\t\t\t<\/div>\n\t\t\t\t\t<\/div>\n\t\t<\/div>\n\t\t\t\t<div class=\"elementor-column elementor-col-50 elementor-top-column elementor-element elementor-element-7f28699\" data-id=\"7f28699\" data-element_type=\"column\">\n\t\t\t<div class=\"elementor-widget-wrap elementor-element-populated\">\n\t\t\t\t\t\t\t\t<div class=\"elementor-element elementor-element-0019949 elementor-widget elementor-widget-image\" data-id=\"0019949\" data-element_type=\"widget\" data-widget_type=\"image.default\">\n\t\t\t\t<div class=\"elementor-widget-container\">\n\t\t\t\t\t\t\t\t\t\t\t\t<figure class=\"wp-caption\">\n\t\t\t\t\t\t\t\t\t\t<img loading=\"lazy\" decoding=\"async\" width=\"200\" height=\"200\" src=\"https:\/\/www.propilhas.pt\/wp-content\/uploads\/2021\/08\/Ansmann-Logotipo.png\" class=\"attachment-large size-large wp-image-800\" alt=\"\" srcset=\"https:\/\/www.propilhas.pt\/wp-content\/uploads\/2021\/08\/Ansmann-Logotipo.png 200w, https:\/\/www.propilhas.pt\/wp-content\/uploads\/2021\/08\/Ansmann-Logotipo-100x100.png 100w, https:\/\/www.propilhas.pt\/wp-content\/uploads\/2021\/08\/Ansmann-Logotipo-150x150.png 150w\" sizes=\"auto, (max-width: 200px) 100vw, 200px\" \/>\t\t\t\t\t\t\t\t\t\t\t<figcaption class=\"widget-image-caption wp-caption-text\">Ansmann<\/figcaption>\n\t\t\t\t\t\t\t\t\t\t<\/figure>\n\t\t\t\t\t\t\t\t\t<\/div>\n\t\t\t\t<\/div>\n\t\t\t\t\t<\/div>\n\t\t<\/div>\n\t\t\t\t\t\t\t<\/div>\n\t\t<\/section>\n\t\t\t\t<section class=\"elementor-section elementor-top-section elementor-element elementor-element-97d37c9 elementor-section-boxed elementor-section-height-default elementor-section-height-default\" data-id=\"97d37c9\" data-element_type=\"section\">\n\t\t\t\t\t\t<div class=\"elementor-container elementor-column-gap-default\">\n\t\t\t\t\t<div class=\"elementor-column elementor-col-100 elementor-top-column elementor-element elementor-element-3e5662b\" data-id=\"3e5662b\" data-element_type=\"column\">\n\t\t\t<div class=\"elementor-widget-wrap elementor-element-populated\">\n\t\t\t\t\t\t\t\t<div class=\"elementor-element elementor-element-7cba527 elementor-align-right elementor-mobile-align-center elementor-widget elementor-widget-button\" data-id=\"7cba527\" data-element_type=\"widget\" data-widget_type=\"button.default\">\n\t\t\t\t<div class=\"elementor-widget-container\">\n\t\t\t\t\t<div class=\"elementor-button-wrapper\">\n\t\t\t<a class=\"elementor-button elementor-button-link elementor-size-sm\" href=\"https:\/\/www.propilhas.pt\/en\/areas-de-negocio\/\">\n\t\t\t\t\t\t<span class=\"elementor-button-content-wrapper\">\n\t\t\t\t\t\t<span class=\"elementor-button-icon elementor-align-icon-left\">\n\t\t\t\t<i aria-hidden=\"true\" class=\"far fa-arrow-alt-circle-left\"><\/i>\t\t\t<\/span>\n\t\t\t\t\t\t<span class=\"elementor-button-text\">Voltar a \u00c1reas de Neg\u00f3cio<\/span>\n\t\t<\/span>\n\t\t\t\t\t<\/a>\n\t\t<\/div>\n\t\t\t\t<\/div>\n\t\t\t\t<\/div>\n\t\t\t\t\t<\/div>\n\t\t<\/div>\n\t\t\t\t\t\t\t<\/div>\n\t\t<\/section>\n\t\t\t\t<section class=\"elementor-section elementor-top-section elementor-element elementor-element-b709e8d elementor-section-boxed elementor-section-height-default elementor-section-height-default\" data-id=\"b709e8d\" data-element_type=\"section\">\n\t\t\t\t\t\t<div class=\"elementor-container elementor-column-gap-default\">\n\t\t\t\t\t<div class=\"elementor-column elementor-col-100 elementor-top-column elementor-element elementor-element-85b69c2\" data-id=\"85b69c2\" data-element_type=\"column\">\n\t\t\t<div class=\"elementor-widget-wrap elementor-element-populated\">\n\t\t\t\t\t\t\t\t<div class=\"elementor-element elementor-element-d1b363c elementor-widget elementor-widget-spacer\" data-id=\"d1b363c\" data-element_type=\"widget\" data-widget_type=\"spacer.default\">\n\t\t\t\t<div class=\"elementor-widget-container\">\n\t\t\t\t\t<div class=\"elementor-spacer\">\n\t\t\t<div class=\"elementor-spacer-inner\"><\/div>\n\t\t<\/div>\n\t\t\t\t<\/div>\n\t\t\t\t<\/div>\n\t\t\t\t<div class=\"elementor-element elementor-element-0a743cd elementor-widget elementor-widget-text-editor\" data-id=\"0a743cd\" data-element_type=\"widget\" data-widget_type=\"text-editor.default\">\n\t\t\t\t<div class=\"elementor-widget-container\">\n\t\t\t\t\t\t\t<p>Colunas de som port\u00e1teis, cabos usb, usb-c, lightning, micro USB, carregadores e suportes de telem\u00f3vel para autom\u00f3vel, alimentadores de 30W e 65W, adaptadores USB e muito mais. Visite a nossa empresa em Proen\u00e7a-a-Nova e descubra todas as novidades que temos em stock.<\/p>\t\t\t\t\t\t<\/div>\n\t\t\t\t<\/div>\n\t\t\t\t\t<\/div>\n\t\t<\/div>\n\t\t\t\t\t\t\t<\/div>\n\t\t<\/section>\n\t\t\t\t<section class=\"elementor-section elementor-top-section elementor-element elementor-element-be4e6a3 elementor-section-stretched elementor-section-height-min-height elementor-section-boxed elementor-section-height-default elementor-section-items-middle\" data-id=\"be4e6a3\" data-element_type=\"section\" data-settings=\"{&quot;stretch_section&quot;:&quot;section-stretched&quot;,&quot;background_background&quot;:&quot;classic&quot;}\">\n\t\t\t\t\t\t<div class=\"elementor-container elementor-column-gap-default\">\n\t\t\t\t\t<div class=\"elementor-column elementor-col-100 elementor-top-column elementor-element elementor-element-f9669f2\" data-id=\"f9669f2\" data-element_type=\"column\">\n\t\t\t<div class=\"elementor-widget-wrap elementor-element-populated\">\n\t\t\t\t\t\t\t\t<div class=\"elementor-element elementor-element-515a442 elementor-widget elementor-widget-heading\" data-id=\"515a442\" data-element_type=\"widget\" data-widget_type=\"heading.default\">\n\t\t\t\t<div class=\"elementor-widget-container\">\n\t\t\t<h3 class=\"elementor-heading-title elementor-size-default\">Do you want to know more about Propilhas?\nGet in touch with us.<\/h3>\t\t<\/div>\n\t\t\t\t<\/div>\n\t\t\t\t<div class=\"elementor-element elementor-element-c6da38d elementor-align-center elementor-widget elementor-widget-button\" data-id=\"c6da38d\" data-element_type=\"widget\" data-widget_type=\"button.default\">\n\t\t\t\t<div class=\"elementor-widget-container\">\n\t\t\t\t\t<div class=\"elementor-button-wrapper\">\n\t\t\t<a class=\"elementor-button elementor-button-link elementor-size-xl\" href=\"https:\/\/www.propilhas.pt\/en\/contactos\/\">\n\t\t\t\t\t\t<span class=\"elementor-button-content-wrapper\">\n\t\t\t\t\t\t<span class=\"elementor-button-text\">Contacts<\/span>\n\t\t<\/span>\n\t\t\t\t\t<\/a>\n\t\t<\/div>\n\t\t\t\t<\/div>\n\t\t\t\t<\/div>\n\t\t\t\t\t<\/div>\n\t\t<\/div>\n\t\t\t\t\t\t\t<\/div>\n\t\t<\/section>\n\t\t\t\t<section class=\"elementor-section elementor-top-section elementor-element elementor-element-317e644 elementor-section-boxed elementor-section-height-default elementor-section-height-default\" data-id=\"317e644\" data-element_type=\"section\">\n\t\t\t\t\t\t<div class=\"elementor-container elementor-column-gap-default\">\n\t\t\t\t\t<div class=\"elementor-column elementor-col-100 elementor-top-column elementor-element elementor-element-eb78fa0\" data-id=\"eb78fa0\" data-element_type=\"column\">\n\t\t\t<div class=\"elementor-widget-wrap elementor-element-populated\">\n\t\t\t\t\t\t\t\t<div class=\"elementor-element elementor-element-0496ffb elementor-widget elementor-widget-spacer\" data-id=\"0496ffb\" data-element_type=\"widget\" data-widget_type=\"spacer.default\">\n\t\t\t\t<div class=\"elementor-widget-container\">\n\t\t\t\t\t<div class=\"elementor-spacer\">\n\t\t\t<div class=\"elementor-spacer-inner\"><\/div>\n\t\t<\/div>\n\t\t\t\t<\/div>\n\t\t\t\t<\/div>\n\t\t\t\t\t<\/div>\n\t\t<\/div>\n\t\t\t\t\t\t\t<\/div>\n\t\t<\/section>\n\t\t\t\t\t\t\t<\/div>","protected":false},"excerpt":{"rendered":"<p>\u00c1REAS DE NEG\u00d3CIO Tecnologia E gadgets As mais recentes novidades de acess\u00f3rios tecnol\u00f3gicos e do mercado dos gadgets, na Propilhas. DCU Tecnologic [&hellip;]<\/p>","protected":false},"author":1,"featured_media":2328,"parent":361,"menu_order":0,"comment_status":"closed","ping_status":"closed","template":"page-templates\/page_front-page.php","meta":{"footnotes":""},"class_list":["post-2271","page","type-page","status-publish","has-post-thumbnail","hentry"],"yoast_head":"<!-- This site is optimized with the Yoast SEO plugin v20.13 - https:\/\/yoast.com\/wordpress\/plugins\/seo\/ -->\n<title>Tecnologia\/Gadgets - Propilhas<\/title>\n<meta name=\"description\" content=\"As mais recentes novidades em acess\u00f3rios tecnol\u00f3gicos e gadgets para o dia-a-dia, dispon\u00edveis na Propilhas. Saiba mais.\" \/>\n<meta name=\"robots\" content=\"index, follow, max-snippet:-1, max-image-preview:large, max-video-preview:-1\" \/>\n<link rel=\"canonical\" href=\"https:\/\/www.propilhas.pt\/en\/areas-de-negocio\/tecnologia-e-gadgets\/\" \/>\n<meta property=\"og:locale\" content=\"en_GB\" \/>\n<meta property=\"og:type\" content=\"article\" \/>\n<meta property=\"og:title\" content=\"Tecnologia\/Gadgets - Propilhas\" \/>\n<meta property=\"og:description\" content=\"As mais recentes novidades em acess\u00f3rios tecnol\u00f3gicos e gadgets para o dia-a-dia, dispon\u00edveis na Propilhas. Saiba mais.\" \/>\n<meta property=\"og:url\" content=\"https:\/\/www.propilhas.pt\/en\/areas-de-negocio\/tecnologia-e-gadgets\/\" \/>\n<meta property=\"og:site_name\" content=\"Propilhas\" \/>\n<meta property=\"article:publisher\" content=\"https:\/\/facebook.com\/propilhas\/\" \/>\n<meta property=\"article:modified_time\" content=\"2026-01-14T20:15:56+00:00\" \/>\n<meta property=\"og:image\" content=\"https:\/\/www.propilhas.pt\/wp-content\/uploads\/2021\/10\/Tecnologia-e-Gadgets-Area-de-Negocio-Propilhas.jpg\" \/>\n\t<meta property=\"og:image:width\" content=\"770\" \/>\n\t<meta property=\"og:image:height\" content=\"445\" \/>\n\t<meta property=\"og:image:type\" content=\"image\/jpeg\" \/>\n<meta name=\"twitter:card\" content=\"summary_large_image\" \/>\n<meta name=\"twitter:label1\" content=\"Estimated reading time\" \/>\n\t<meta name=\"twitter:data1\" content=\"1 minute\" \/>\n<script type=\"application\/ld+json\" class=\"yoast-schema-graph\">{\"@context\":\"https:\/\/schema.org\",\"@graph\":[{\"@type\":\"WebPage\",\"@id\":\"https:\/\/www.propilhas.pt\/areas-de-negocio\/tecnologia-e-gadgets\/\",\"url\":\"https:\/\/www.propilhas.pt\/areas-de-negocio\/tecnologia-e-gadgets\/\",\"name\":\"Tecnologia\/Gadgets - Propilhas\",\"isPartOf\":{\"@id\":\"https:\/\/www.propilhas.pt\/#website\"},\"datePublished\":\"2021-10-11T15:30:37+00:00\",\"dateModified\":\"2026-01-14T20:15:56+00:00\",\"description\":\"As mais recentes novidades em acess\u00f3rios tecnol\u00f3gicos e gadgets para o dia-a-dia, dispon\u00edveis na Propilhas. Saiba mais.\",\"breadcrumb\":{\"@id\":\"https:\/\/www.propilhas.pt\/areas-de-negocio\/tecnologia-e-gadgets\/#breadcrumb\"},\"inLanguage\":\"en-GB\",\"potentialAction\":[{\"@type\":\"ReadAction\",\"target\":[\"https:\/\/www.propilhas.pt\/areas-de-negocio\/tecnologia-e-gadgets\/\"]}]},{\"@type\":\"BreadcrumbList\",\"@id\":\"https:\/\/www.propilhas.pt\/areas-de-negocio\/tecnologia-e-gadgets\/#breadcrumb\",\"itemListElement\":[{\"@type\":\"ListItem\",\"position\":1,\"name\":\"In\u00edcio\",\"item\":\"https:\/\/www.propilhas.pt\/\"},{\"@type\":\"ListItem\",\"position\":2,\"name\":\"\u00c1reas de neg\u00f3cio\",\"item\":\"https:\/\/www.propilhas.pt\/areas-de-negocio\/\"},{\"@type\":\"ListItem\",\"position\":3,\"name\":\"Tecnologia\/Gadgets\"}]},{\"@type\":\"WebSite\",\"@id\":\"https:\/\/www.propilhas.pt\/#website\",\"url\":\"https:\/\/www.propilhas.pt\/\",\"name\":\"Propilhas\",\"description\":\"Propilhas\",\"publisher\":{\"@id\":\"https:\/\/www.propilhas.pt\/#organization\"},\"potentialAction\":[{\"@type\":\"SearchAction\",\"target\":{\"@type\":\"EntryPoint\",\"urlTemplate\":\"https:\/\/www.propilhas.pt\/?s={search_term_string}\"},\"query-input\":\"required name=search_term_string\"}],\"inLanguage\":\"en-GB\"},{\"@type\":\"Organization\",\"@id\":\"https:\/\/www.propilhas.pt\/#organization\",\"name\":\"Propilhas\",\"url\":\"https:\/\/www.propilhas.pt\/\",\"logo\":{\"@type\":\"ImageObject\",\"inLanguage\":\"en-GB\",\"@id\":\"https:\/\/www.propilhas.pt\/#\/schema\/logo\/image\/\",\"url\":\"https:\/\/www.propilhas.pt\/wp-content\/uploads\/2021\/07\/PROPILHAS.png\",\"contentUrl\":\"https:\/\/www.propilhas.pt\/wp-content\/uploads\/2021\/07\/PROPILHAS.png\",\"width\":209,\"height\":47,\"caption\":\"Propilhas\"},\"image\":{\"@id\":\"https:\/\/www.propilhas.pt\/#\/schema\/logo\/image\/\"},\"sameAs\":[\"https:\/\/facebook.com\/propilhas\/\",\"https:\/\/pt.linkedin.com\/company\/propilhas\"]}]}<\/script>\n<!-- \/ Yoast SEO plugin. -->","yoast_head_json":{"title":"Tecnologia\/Gadgets - Propilhas","description":"As mais recentes novidades em acess\u00f3rios tecnol\u00f3gicos e gadgets para o dia-a-dia, dispon\u00edveis na Propilhas. Saiba mais.","robots":{"index":"index","follow":"follow","max-snippet":"max-snippet:-1","max-image-preview":"max-image-preview:large","max-video-preview":"max-video-preview:-1"},"canonical":"https:\/\/www.propilhas.pt\/en\/areas-de-negocio\/tecnologia-e-gadgets\/","og_locale":"en_GB","og_type":"article","og_title":"Tecnologia\/Gadgets - Propilhas","og_description":"As mais recentes novidades em acess\u00f3rios tecnol\u00f3gicos e gadgets para o dia-a-dia, dispon\u00edveis na Propilhas. Saiba mais.","og_url":"https:\/\/www.propilhas.pt\/en\/areas-de-negocio\/tecnologia-e-gadgets\/","og_site_name":"Propilhas","article_publisher":"https:\/\/facebook.com\/propilhas\/","article_modified_time":"2026-01-14T20:15:56+00:00","og_image":[{"width":770,"height":445,"url":"https:\/\/www.propilhas.pt\/wp-content\/uploads\/2021\/10\/Tecnologia-e-Gadgets-Area-de-Negocio-Propilhas.jpg","type":"image\/jpeg"}],"twitter_card":"summary_large_image","twitter_misc":{"Estimated reading time":"1 minute"},"schema":{"@context":"https:\/\/schema.org","@graph":[{"@type":"WebPage","@id":"https:\/\/www.propilhas.pt\/areas-de-negocio\/tecnologia-e-gadgets\/","url":"https:\/\/www.propilhas.pt\/areas-de-negocio\/tecnologia-e-gadgets\/","name":"Tecnologia\/Gadgets - Propilhas","isPartOf":{"@id":"https:\/\/www.propilhas.pt\/#website"},"datePublished":"2021-10-11T15:30:37+00:00","dateModified":"2026-01-14T20:15:56+00:00","description":"As mais recentes novidades em acess\u00f3rios tecnol\u00f3gicos e gadgets para o dia-a-dia, dispon\u00edveis na Propilhas. Saiba mais.","breadcrumb":{"@id":"https:\/\/www.propilhas.pt\/areas-de-negocio\/tecnologia-e-gadgets\/#breadcrumb"},"inLanguage":"en-GB","potentialAction":[{"@type":"ReadAction","target":["https:\/\/www.propilhas.pt\/areas-de-negocio\/tecnologia-e-gadgets\/"]}]},{"@type":"BreadcrumbList","@id":"https:\/\/www.propilhas.pt\/areas-de-negocio\/tecnologia-e-gadgets\/#breadcrumb","itemListElement":[{"@type":"ListItem","position":1,"name":"In\u00edcio","item":"https:\/\/www.propilhas.pt\/"},{"@type":"ListItem","position":2,"name":"\u00c1reas de neg\u00f3cio","item":"https:\/\/www.propilhas.pt\/areas-de-negocio\/"},{"@type":"ListItem","position":3,"name":"Tecnologia\/Gadgets"}]},{"@type":"WebSite","@id":"https:\/\/www.propilhas.pt\/#website","url":"https:\/\/www.propilhas.pt\/","name":"Propilhas","description":"Propilhas","publisher":{"@id":"https:\/\/www.propilhas.pt\/#organization"},"potentialAction":[{"@type":"SearchAction","target":{"@type":"EntryPoint","urlTemplate":"https:\/\/www.propilhas.pt\/?s={search_term_string}"},"query-input":"required name=search_term_string"}],"inLanguage":"en-GB"},{"@type":"Organization","@id":"https:\/\/www.propilhas.pt\/#organization","name":"Propilhas","url":"https:\/\/www.propilhas.pt\/","logo":{"@type":"ImageObject","inLanguage":"en-GB","@id":"https:\/\/www.propilhas.pt\/#\/schema\/logo\/image\/","url":"https:\/\/www.propilhas.pt\/wp-content\/uploads\/2021\/07\/PROPILHAS.png","contentUrl":"https:\/\/www.propilhas.pt\/wp-content\/uploads\/2021\/07\/PROPILHAS.png","width":209,"height":47,"caption":"Propilhas"},"image":{"@id":"https:\/\/www.propilhas.pt\/#\/schema\/logo\/image\/"},"sameAs":["https:\/\/facebook.com\/propilhas\/","https:\/\/pt.linkedin.com\/company\/propilhas"]}]}},"_links":{"self":[{"href":"https:\/\/www.propilhas.pt\/en\/wp-json\/wp\/v2\/pages\/2271","targetHints":{"allow":["GET"]}}],"collection":[{"href":"https:\/\/www.propilhas.pt\/en\/wp-json\/wp\/v2\/pages"}],"about":[{"href":"https:\/\/www.propilhas.pt\/en\/wp-json\/wp\/v2\/types\/page"}],"author":[{"embeddable":true,"href":"https:\/\/www.propilhas.pt\/en\/wp-json\/wp\/v2\/users\/1"}],"replies":[{"embeddable":true,"href":"https:\/\/www.propilhas.pt\/en\/wp-json\/wp\/v2\/comments?post=2271"}],"version-history":[{"count":18,"href":"https:\/\/www.propilhas.pt\/en\/wp-json\/wp\/v2\/pages\/2271\/revisions"}],"predecessor-version":[{"id":5231,"href":"https:\/\/www.propilhas.pt\/en\/wp-json\/wp\/v2\/pages\/2271\/revisions\/5231"}],"up":[{"embeddable":true,"href":"https:\/\/www.propilhas.pt\/en\/wp-json\/wp\/v2\/pages\/361"}],"wp:featuredmedia":[{"embeddable":true,"href":"https:\/\/www.propilhas.pt\/en\/wp-json\/wp\/v2\/media\/2328"}],"wp:attachment":[{"href":"https:\/\/www.propilhas.pt\/en\/wp-json\/wp\/v2\/media?parent=2271"}],"curies":[{"name":"wp","href":"https:\/\/api.w.org\/{rel}","templated":true}]}}