{"id":3,"date":"2021-07-09T15:01:59","date_gmt":"2021-07-09T14:01:59","guid":{"rendered":"http:\/\/www.propilhas.pt\/?page_id=3"},"modified":"2021-12-15T21:28:59","modified_gmt":"2021-12-15T20:28:59","slug":"politica-privacidade","status":"publish","type":"page","link":"https:\/\/www.propilhas.pt\/en\/politica-privacidade\/","title":{"rendered":"Privacy Policy"},"content":{"rendered":"<div data-elementor-type=\"wp-page\" data-elementor-id=\"3\" class=\"elementor elementor-3\">\n\t\t\t\t\t\t\t\t\t<section class=\"elementor-section elementor-top-section elementor-element elementor-element-c95b27f elementor-section-boxed elementor-section-height-default elementor-section-height-default\" data-id=\"c95b27f\" data-element_type=\"section\">\n\t\t\t\t\t\t<div class=\"elementor-container elementor-column-gap-default\">\n\t\t\t\t\t<div class=\"elementor-column elementor-col-100 elementor-top-column elementor-element elementor-element-3d55e94\" data-id=\"3d55e94\" data-element_type=\"column\">\n\t\t\t<div class=\"elementor-widget-wrap\">\n\t\t\t\t\t\t\t\t\t<\/div>\n\t\t<\/div>\n\t\t\t\t\t\t\t<\/div>\n\t\t<\/section>\n\t\t\t\t<section class=\"elementor-section elementor-top-section elementor-element elementor-element-a06c17b elementor-section-height-min-height elementor-section-content-middle elementor-section-stretched elementor-section-boxed elementor-section-height-default elementor-section-items-middle\" data-id=\"a06c17b\" data-element_type=\"section\" data-settings=\"{&quot;stretch_section&quot;:&quot;section-stretched&quot;,&quot;background_background&quot;:&quot;classic&quot;}\">\n\t\t\t\t\t\t<div class=\"elementor-container elementor-column-gap-default\">\n\t\t\t\t\t<div class=\"elementor-column elementor-col-100 elementor-top-column elementor-element elementor-element-d704268\" data-id=\"d704268\" data-element_type=\"column\">\n\t\t\t<div class=\"elementor-widget-wrap elementor-element-populated\">\n\t\t\t\t\t\t\t\t<div class=\"elementor-element elementor-element-bb6ec19 elementor-widget elementor-widget-heading\" data-id=\"bb6ec19\" data-element_type=\"widget\" data-widget_type=\"heading.default\">\n\t\t\t\t<div class=\"elementor-widget-container\">\n\t\t\t<h1 class=\"elementor-heading-title elementor-size-default\">Privacy Policy<\/h1>\t\t<\/div>\n\t\t\t\t<\/div>\n\t\t\t\t\t<\/div>\n\t\t<\/div>\n\t\t\t\t\t\t\t<\/div>\n\t\t<\/section>\n\t\t\t\t<section class=\"elementor-section elementor-top-section elementor-element elementor-element-48e47d31 elementor-section-boxed elementor-section-height-default elementor-section-height-default\" data-id=\"48e47d31\" data-element_type=\"section\">\n\t\t\t\t\t\t<div class=\"elementor-container elementor-column-gap-default\">\n\t\t\t\t\t<div class=\"elementor-column elementor-col-100 elementor-top-column elementor-element elementor-element-6472316d\" data-id=\"6472316d\" data-element_type=\"column\">\n\t\t\t<div class=\"elementor-widget-wrap elementor-element-populated\">\n\t\t\t\t\t\t\t\t<div class=\"elementor-element elementor-element-4fd6b5b2 elementor-widget elementor-widget-text-editor\" data-id=\"4fd6b5b2\" data-element_type=\"widget\" data-widget_type=\"text-editor.default\">\n\t\t\t\t<div class=\"elementor-widget-container\">\n\t\t\t\t\t\t\t<!-- wp:heading --><!-- \/wp:heading --><!-- wp:paragraph -->\n<h4><strong>Identifica\u00e7\u00e3o<\/strong><\/h4>\n<p>O site www.propilhas.pt \u00e9 propriedade e responsabilidade da empresa Propilhas &#8211; Com\u00e9rcio de Material e Equipamento El\u00e9ctrico, Lda, registada com o NIF 505 920 743, com sede na 1\u00aa Circular, 315, Rc\/Dto, 6150-528 Proen\u00e7a-a-Nova, adiante designada de Propilhas.<\/p>\n<p>\u00c0 Propilhas reserva-se o direito de modificar\/atualizar a estrutura, apresenta\u00e7\u00e3o e conte\u00fados do seu site a qualquer momento, mantendo os interesses dos seus utilizadores. O site da Propilhas visa a disponibiliza\u00e7\u00e3o de informa\u00e7\u00f5es sobre os produtos, atividades, campanhas e acerca da empresa da Propilhas, Lda.<\/p>\n<p>\u00a0<\/p>\n<h4><strong>Privacidade e Dados Pessoais<\/strong><\/h4>\n<p>Consideram-se Dados Pessoais qualquer informa\u00e7\u00e3o, de qualquer natureza, relativa a uma pessoa singular identificada ou identific\u00e1vel (titular dos dados), direta ou indiretamente, designadamente por refer\u00eancia a um n\u00famero de identifica\u00e7\u00e3o ou a mais elementos espec\u00edficos da sua identidade f\u00edsica, fisiol\u00f3gica, ps\u00edquica, econ\u00f3mica, cultural ou social. Constituem Dados Pessoais: informa\u00e7\u00f5es sobre os clientes e utilizadores que permite a identifica\u00e7\u00e3o dos mesmos (por ex. nome, morada, n\u00famero de telefone ou endere\u00e7o de correio eletr\u00f3nico);<\/p>\n<p>\u00a0<\/p>\n<h4><strong>Dados pessoais recolhidos<\/strong><\/h4>\n<p>A Propilhas recolhe os dados por telefone, por escrito ou atrav\u00e9s dos seus canais digitais, mediante o consentimento do cliente e processa os dados de cada utilizador do seu site. Alguns dados pessoais s\u00e3o obrigat\u00f3rios de ser cedidos, visto n\u00e3o ser poss\u00edvel celebrar o contrato ou pedido solicitado. Os dados pessoais podem ser recolhidos atrav\u00e9s de quatro processos:<\/p>\n<p>I &#8211; Dados fornecidos quando do registo no site da Propilhas e da realiza\u00e7\u00e3o de encomendas, atrav\u00e9s de dados como nome, NIF, morada, e-mail e telefone.<\/p>\n<p>II &#8211; Dados recolhidos atrav\u00e9s do preenchimento do formul\u00e1rio de contacto.<\/p>\n<p>III &#8211; Dados fornecidos no preenchimento do formul\u00e1rio de ades\u00e3o \u00e0 newsletter da Propilhas.<\/p>\n<p>IV &#8211; Dados recolhidos atrav\u00e9s de cookies.<\/p>\n<p>Todos os dados pessoais de car\u00e1cter obrigat\u00f3rio ser\u00e3o identificados com um aster\u00edsco (*). Em cada caso concreto, os clientes ser\u00e3o informados da obrigatoriedade do fornecimento dos dados pessoais.<\/p>\n<p>\u00a0<\/p>\n<p><strong>N\u00e3o preenchimento de dados obrigat\u00f3rios<\/strong><\/p>\n<p>Caso n\u00e3o sejam fornecidos alguns dos dados de preenchimento obrigat\u00f3rio, poder\u00e1 impedir que alguns dos servi\u00e7os da Propilhas n\u00e3o sejamdisponibilizados. Apenas ser\u00e3o solicitados dados que garantam o cumprimento dos objetivos da Propilhas, sendo que o fornecimento deste tipo de dados \u00e9 facultativo.<\/p>\n<p>\u00a0<\/p>\n<h4><strong>Gest\u00e3o de dados pessoais<\/strong><\/h4>\n<p>Os dados pessoais recolhidos pela Propilhas s\u00e3o meramente recolhidos e geridos pela empresa. Os dados armazenados ser\u00e3o utilizados para a\u00e7\u00f5es de marketing, estudos de mercado, gest\u00e3o de conta de cliente e para o contactar. Os contactos realizados poder\u00e3o estar relacionados com a sua satisfa\u00e7\u00e3o enquanto utilizador registado no nosso site, participa\u00e7\u00e3o em question\u00e1rios, relacionados com o marketing da Propilhas. Em qualquer uma das situa\u00e7\u00f5es, as suas prefer\u00eancias de contacto ser\u00e3o tidas em conta. Todos os utilizadores registados no site da Propilhas t\u00eam o direito de aceitar n\u00e3o ser contactados pelos nossos canais digitais. Para tal, quando do registo no site, n\u00e3o devem selecionar a op\u00e7\u00e3o &#8220;Pretendo registar-me na newsletter&#8221;.<\/p>\n<p>Caso pretenda a anula\u00e7\u00e3o do seu registo na newsletter da Propilhas, poder\u00e1 faz\u00ea-lo na sua \u00e1rea pessoal ou atrav\u00e9s do e-mail geral@propilhas.pt.<\/p>\n<p>Cada utilizador registado no site da Propilhas tem direito a editar ou eliminar os seus dados pessoais assim que achar oportuno. Estas altera\u00e7\u00f5es poder\u00e3o ser executadas atrav\u00e9s da sua \u00e1rea pessoal ou atrav\u00e9s do e-mail geral@propilhas.pt.<\/p>\n<p>A Propilhas n\u00e3o fornecer\u00e1 quaisquer dados pessoais recolhidos com outras entidades que possam colocar em causa a integridade dos seus donos, sem que exista o consentimento de ambas as partes.<\/p>\n<p>A Propilhas poder\u00e1 divulgar dados de terceiros se os utilizadores do site da Propilhas indicarem dados dos mesmos, por exemplo, dados pessoais para entrega de encomendas. Antes de preencher dados de terceiros, em qualquer formul\u00e1rio ou local disponibilizado pela Propilhas, garanta que tem o consentimento do terceiro.<\/p>\n<p>Podem ser tamb\u00e9m comunicados dados pessoais \u00e0s autoridades competentes, pol\u00edcia ou autoridades judiciais, pelo combate ao crime, se for verificado algum tipo de fraude contra a Propilhas.<\/p>\n<p>\u00a0<\/p>\n<h5><strong>Per\u00edodo de armazenamento de dados pessoais<\/strong><\/h5>\n<p>A Propilhas ir\u00e1 armazenar os dados pessoais recolhidos pelo per\u00edodo m\u00ednimo, de acordo com a finalidade a que se destinam. Os dados que se destinem a fins estat\u00edsticos ou de investiga\u00e7\u00e3o podem ser armazenados por um maior per\u00edodo de tempo, sendo aplicada a legisla\u00e7\u00e3o da prote\u00e7\u00e3o de dados pessoais. Os dados pessoais utilizados, por exemplo, em documentos de fatura\u00e7\u00e3o, obrigam a ser armazenados por um per\u00edodo m\u00ednimo. Sempre que n\u00e3o exista uma exig\u00eancia legal espec\u00edfica, os dados ser\u00e3o armazenados e conservados apenas pelo per\u00edodo m\u00ednimo necess\u00e1rio para as finalidades que motivaram a sua recolha ou o seu posterior tratamento ou, pelo espa\u00e7o de tempo autorizado pela Comiss\u00e3o Nacional de Prote\u00e7\u00e3o de Dados, findo o qual os mesmos ser\u00e3o eliminados.<\/p>\n<p>Os dados pessoais do cliente ou utilizador do site da Propilhas, ser\u00e3o utilizados e armazenados apenas para as situa\u00e7\u00f5es previstas na Gest\u00e3o de Dados Pessoais, podendo o mesmo solicitar a elimina\u00e7\u00e3o dos seus dados atrav\u00e9s de email ou por carta para contactos disponibilizados no campo Contactos.<\/p>\n<p><strong>Acesso, corre\u00e7\u00e3o, elimina\u00e7\u00e3o dos dados pessoais<\/strong><\/p>\n<p>De acordo com a legisla\u00e7\u00e3o aplic\u00e1vel, \u00e9 garantido ao cliente ou utilizador, na qualidade de titular dos dados pessoais, o direito de acesso, corre\u00e7\u00e3o e elimina\u00e7\u00e3o dos seus dados pessoais ou ainda recorrer atrav\u00e9s de email ou carta, para a morada da Propilhas, a fim de proceder ao pedido adjacente.<\/p>\n<p>\u00a0<\/p>\n<p><strong>Medidas de seguran\u00e7a<\/strong><\/p>\n<p>A Propilhas implementa um conjunto de medidas de seguran\u00e7a na prote\u00e7\u00e3o dos dados pessoais recolhidos contra todas as formas ilegais de gest\u00e3o de dados, desde a divulga\u00e7\u00e3o, perda ou altera\u00e7\u00e3o n\u00e3o autorizada.<\/p>\n<p>De forma a diminuir o risco da transmiss\u00e3o de dados pessoais, sugerimos a utiliza\u00e7\u00e3o de equipamentos providos de sistema antiv\u00edrus e da aplica\u00e7\u00e3o de sistemas de seguran\u00e7a no seu browser.<\/p>\n<p>\u00a0<\/p>\n<h4>Pol\u00edtica de Cookies<\/h4>\n<p>O site da Propilhas utiliza cookies para melhorar a sua experi\u00eancia enquanto utilizador e o desempenho do website.<\/p>\n<h5>O que s\u00e3o cookies?<\/h5>\n<p>Cookies s\u00e3o pequenos ficheiros de texto que ficam armazenados, atrav\u00e9s do brower utilizado, no computador ou dispositivo m\u00f3vel que utiliza. Os cookies v\u00e3o permitir que numa pr\u00f3xima visita \u00e0 nossa loja, o seu computador ou dispositivo m\u00f3vel sejam reconhecidos, melhorando assim a sua experi\u00eancia de utiliza\u00e7\u00e3o da nossa loja. S\u00e3o apenas mantidas\u00a0informa\u00e7\u00f5es relacionadas com as suas prefer\u00eancias. Os cookies n\u00e3o recolhem informa\u00e7\u00f5es que identifiquem o utilizador. As informa\u00e7\u00f5es obtidas s\u00e3o gen\u00e9ricas e dizem respeito\u00a0ao processo utilizado para navegar na nossa loja, n\u00famero de visitas de determinada p\u00e1gina, pa\u00eds de origem do\u00a0utilizador, entre outras informa\u00e7\u00f5es que permitam uma navega\u00e7\u00e3o mais r\u00e1pida. Quando do bloqueio de cookies, os sites poder\u00e3o n\u00e3o dar uma resposta t\u00e3o imediata \u00e0s prefer\u00eancias do utilizador, impedindo assim uma experi\u00eancia de navega\u00e7\u00e3o mais personalizada.<\/p>\n<p>\u00a0<\/p>\n<h3>Que tipo de cookies utilizamos?<\/h3>\n<p>A Propilhas utiliza os seguintes cookies:<\/p>\n<ul>\n<li><strong>Cookies anal\u00edticos<\/strong> &#8211; para an\u00e1lise da experi\u00eancia de utiliza\u00e7\u00e3o do site da Propilhas, com o objetivo de monitorizar o uso do nosso site e assim melhorar as \u00e1reas com maior e menor interesse para os nossos utilizadores. Assim ser\u00e1 poss\u00edvel desenvolvermos conte\u00fados que sejam do interesse dos utilizadores da nossa loja. Este tipo de cookies t\u00eam como objetivo a analise estat\u00edstica e a produ\u00e7\u00e3o de conte\u00fados.<\/li>\n<li><strong>Cookies de funcionalidade<\/strong>\u00a0&#8211; utilizados para facilitar o acesso dos utilizadores \u00e0 nossa loja, evitando que os dados de acesso sejam digitados de cada vez que acede ao site, necessita de preencher formul\u00e1rios ou outros campos de car\u00e1cter indispens\u00e1vel.<\/li>\n<li><strong>Cookies de terceiros<\/strong>\u00a0&#8211; auxiliam na medi\u00e7\u00e3o do sucesso de aplica\u00e7\u00f5es e efic\u00e1cia da publicidade de terceiros.<\/li>\n<li><strong>Cookies de publicidade<\/strong>\u00a0&#8211; direcionam a publicidade de acordo com as prefer\u00eancias do utilizador. Limitam o n\u00famero de vezes que o an\u00fancio \u00e9 visto e permitem medir a efic\u00e1cia da publicidade.<\/li>\n<\/ul>\n<p>\u00a0<\/p>\n<p>Os cookies podem ser\u00a0<strong>permanentes<\/strong>\u00a0ou de\u00a0<strong>sess\u00e3o<\/strong>. Os cookies permanentes ficam armazenados no browser ou dispositivos como forma de identificar os interesses do utilizador, sendo utilizados para direcionar a navega\u00e7\u00e3o de acordo com as\u00a0prefer\u00eancias deste. Os cookies de sess\u00e3o s\u00e3o tempor\u00e1rios e ficam guardados at\u00e9 que o utilizador saia do site. Funcionam como identificador de problemas, garantindo que os utilizadores do site tenham uma melhor experi\u00eancia de navega\u00e7\u00e3o.<\/p>\n<p>\u00a0<\/p>\n<h5>Posso bloquear ou apagar os cookies guardados no meu dispositivo?<\/h5>\n<p>Sim, todos os utilizadores t\u00eam direito de bloquear ou eliminar os cookies armazenados no browser que utiliza. Para tal, o utilizador deve gerir as op\u00e7\u00f5es de PREFER\u00caNCIAS que tem marcadas no browser que utiliza, podendo assim bloquear parcial ou totalmente os cookies utilizados na nossa loja.<\/p>\n<p>Recordamos que ao bloquear os cookies no nosso site, algumas das funcionalidades podem n\u00e3o dar a resposta desejada.<\/p>\n<p>\u00a0<\/p>\n<p><strong>Altera\u00e7\u00f5es \u00e0 Pol\u00edtica de Privacidade<\/strong><\/p>\n<p>A Propilhas reserva-se o direito de, a qualquer altura, proceder a reajustamentos ou altera\u00e7\u00f5es \u00e0 presente Pol\u00edtica de Privacidade, sendo essas altera\u00e7\u00f5es devidamente publicadas no site da empresa.<\/p>\n<p>\u00a0<\/p>\n<p><strong>Contacts<\/strong><\/p>\n<p>Para mais informa\u00e7\u00f5es acerca da Propilhas e\/ou esclarecimentos acerca da Pol\u00edtica de Prote\u00e7\u00e3o de Dados Pessoais, contacte atrav\u00e9s de email ou por carta para os seguintes contactos:<\/p>\n<p><strong>Endere\u00e7o de correio eletr\u00f3nico<\/strong>: geral@propilhas.pt<\/p>\n<p><strong>Morada: <\/strong>Propilhas, Lda<\/p>\n<p>1\u00aa Circular, 315, Rc\/Dto<\/p>\n<p>6150-528 Proen\u00e7a-a-Nova<\/p>\n<!-- \/wp:paragraph -->\t\t\t\t\t\t<\/div>\n\t\t\t\t<\/div>\n\t\t\t\t\t<\/div>\n\t\t<\/div>\n\t\t\t\t\t\t\t<\/div>\n\t\t<\/section>\n\t\t\t\t\t\t\t<\/div>","protected":false},"excerpt":{"rendered":"<p>Pol\u00edtica de Privacidade Identifica\u00e7\u00e3o O site www.propilhas.pt \u00e9 propriedade e responsabilidade da empresa Propilhas &#8211; Com\u00e9rcio de Material e Equipamento El\u00e9ctrico, Lda, [&hellip;]<\/p>","protected":false},"author":1,"featured_media":0,"parent":0,"menu_order":0,"comment_status":"closed","ping_status":"closed","template":"","meta":{"footnotes":""},"class_list":["post-3","page","type-page","status-publish","hentry"],"yoast_head":"<!-- This site is optimized with the Yoast SEO plugin v20.13 - https:\/\/yoast.com\/wordpress\/plugins\/seo\/ -->\n<title>Pol\u00edtica de Privacidade - Propilhas<\/title>\n<meta name=\"robots\" content=\"index, follow, max-snippet:-1, max-image-preview:large, max-video-preview:-1\" \/>\n<link rel=\"canonical\" href=\"https:\/\/www.propilhas.pt\/en\/politica-privacidade\/\" \/>\n<meta property=\"og:locale\" content=\"en_GB\" \/>\n<meta property=\"og:type\" content=\"article\" \/>\n<meta property=\"og:title\" content=\"Pol\u00edtica de Privacidade - Propilhas\" \/>\n<meta property=\"og:description\" content=\"Pol\u00edtica de Privacidade Identifica\u00e7\u00e3o O site www.propilhas.pt \u00e9 propriedade e responsabilidade da empresa Propilhas &#8211; Com\u00e9rcio de Material e Equipamento El\u00e9ctrico, Lda, [&hellip;]\" \/>\n<meta property=\"og:url\" content=\"https:\/\/www.propilhas.pt\/en\/politica-privacidade\/\" \/>\n<meta property=\"og:site_name\" content=\"Propilhas\" \/>\n<meta property=\"article:publisher\" content=\"https:\/\/facebook.com\/propilhas\/\" \/>\n<meta property=\"article:modified_time\" content=\"2021-12-15T20:28:59+00:00\" \/>\n<meta property=\"og:image\" content=\"https:\/\/www.propilhas.pt\/wp-content\/uploads\/2021\/08\/cropped-Propilhas-Logotipo-1.png\" \/>\n\t<meta property=\"og:image:width\" content=\"512\" \/>\n\t<meta property=\"og:image:height\" content=\"512\" \/>\n\t<meta property=\"og:image:type\" content=\"image\/png\" \/>\n<meta name=\"twitter:card\" content=\"summary_large_image\" \/>\n<meta name=\"twitter:label1\" content=\"Estimated reading time\" \/>\n\t<meta name=\"twitter:data1\" content=\"7 minutes\" \/>\n<script type=\"application\/ld+json\" class=\"yoast-schema-graph\">{\"@context\":\"https:\/\/schema.org\",\"@graph\":[{\"@type\":\"WebPage\",\"@id\":\"https:\/\/www.propilhas.pt\/en\/politica-privacidade\/\",\"url\":\"https:\/\/www.propilhas.pt\/en\/politica-privacidade\/\",\"name\":\"Pol\u00edtica de Privacidade - Propilhas\",\"isPartOf\":{\"@id\":\"https:\/\/www.propilhas.pt\/#website\"},\"datePublished\":\"2021-07-09T14:01:59+00:00\",\"dateModified\":\"2021-12-15T20:28:59+00:00\",\"breadcrumb\":{\"@id\":\"https:\/\/www.propilhas.pt\/en\/politica-privacidade\/#breadcrumb\"},\"inLanguage\":\"en-GB\",\"potentialAction\":[{\"@type\":\"ReadAction\",\"target\":[\"https:\/\/www.propilhas.pt\/en\/politica-privacidade\/\"]}]},{\"@type\":\"BreadcrumbList\",\"@id\":\"https:\/\/www.propilhas.pt\/en\/politica-privacidade\/#breadcrumb\",\"itemListElement\":[{\"@type\":\"ListItem\",\"position\":1,\"name\":\"In\u00edcio\",\"item\":\"https:\/\/www.propilhas.pt\/\"},{\"@type\":\"ListItem\",\"position\":2,\"name\":\"Pol\u00edtica de Privacidade\"}]},{\"@type\":\"WebSite\",\"@id\":\"https:\/\/www.propilhas.pt\/#website\",\"url\":\"https:\/\/www.propilhas.pt\/\",\"name\":\"Propilhas\",\"description\":\"Propilhas\",\"publisher\":{\"@id\":\"https:\/\/www.propilhas.pt\/#organization\"},\"potentialAction\":[{\"@type\":\"SearchAction\",\"target\":{\"@type\":\"EntryPoint\",\"urlTemplate\":\"https:\/\/www.propilhas.pt\/?s={search_term_string}\"},\"query-input\":\"required name=search_term_string\"}],\"inLanguage\":\"en-GB\"},{\"@type\":\"Organization\",\"@id\":\"https:\/\/www.propilhas.pt\/#organization\",\"name\":\"Propilhas\",\"url\":\"https:\/\/www.propilhas.pt\/\",\"logo\":{\"@type\":\"ImageObject\",\"inLanguage\":\"en-GB\",\"@id\":\"https:\/\/www.propilhas.pt\/#\/schema\/logo\/image\/\",\"url\":\"https:\/\/www.propilhas.pt\/wp-content\/uploads\/2021\/07\/PROPILHAS.png\",\"contentUrl\":\"https:\/\/www.propilhas.pt\/wp-content\/uploads\/2021\/07\/PROPILHAS.png\",\"width\":209,\"height\":47,\"caption\":\"Propilhas\"},\"image\":{\"@id\":\"https:\/\/www.propilhas.pt\/#\/schema\/logo\/image\/\"},\"sameAs\":[\"https:\/\/facebook.com\/propilhas\/\",\"https:\/\/pt.linkedin.com\/company\/propilhas\"]}]}<\/script>\n<!-- \/ Yoast SEO plugin. -->","yoast_head_json":{"title":"Pol\u00edtica de Privacidade - Propilhas","robots":{"index":"index","follow":"follow","max-snippet":"max-snippet:-1","max-image-preview":"max-image-preview:large","max-video-preview":"max-video-preview:-1"},"canonical":"https:\/\/www.propilhas.pt\/en\/politica-privacidade\/","og_locale":"en_GB","og_type":"article","og_title":"Pol\u00edtica de Privacidade - Propilhas","og_description":"Pol\u00edtica de Privacidade Identifica\u00e7\u00e3o O site www.propilhas.pt \u00e9 propriedade e responsabilidade da empresa Propilhas &#8211; Com\u00e9rcio de Material e Equipamento El\u00e9ctrico, Lda, [&hellip;]","og_url":"https:\/\/www.propilhas.pt\/en\/politica-privacidade\/","og_site_name":"Propilhas","article_publisher":"https:\/\/facebook.com\/propilhas\/","article_modified_time":"2021-12-15T20:28:59+00:00","og_image":[{"width":512,"height":512,"url":"https:\/\/www.propilhas.pt\/wp-content\/uploads\/2021\/08\/cropped-Propilhas-Logotipo-1.png","type":"image\/png"}],"twitter_card":"summary_large_image","twitter_misc":{"Estimated reading time":"7 minutes"},"schema":{"@context":"https:\/\/schema.org","@graph":[{"@type":"WebPage","@id":"https:\/\/www.propilhas.pt\/en\/politica-privacidade\/","url":"https:\/\/www.propilhas.pt\/en\/politica-privacidade\/","name":"Pol\u00edtica de Privacidade - Propilhas","isPartOf":{"@id":"https:\/\/www.propilhas.pt\/#website"},"datePublished":"2021-07-09T14:01:59+00:00","dateModified":"2021-12-15T20:28:59+00:00","breadcrumb":{"@id":"https:\/\/www.propilhas.pt\/en\/politica-privacidade\/#breadcrumb"},"inLanguage":"en-GB","potentialAction":[{"@type":"ReadAction","target":["https:\/\/www.propilhas.pt\/en\/politica-privacidade\/"]}]},{"@type":"BreadcrumbList","@id":"https:\/\/www.propilhas.pt\/en\/politica-privacidade\/#breadcrumb","itemListElement":[{"@type":"ListItem","position":1,"name":"In\u00edcio","item":"https:\/\/www.propilhas.pt\/"},{"@type":"ListItem","position":2,"name":"Pol\u00edtica de Privacidade"}]},{"@type":"WebSite","@id":"https:\/\/www.propilhas.pt\/#website","url":"https:\/\/www.propilhas.pt\/","name":"Propilhas","description":"Propilhas","publisher":{"@id":"https:\/\/www.propilhas.pt\/#organization"},"potentialAction":[{"@type":"SearchAction","target":{"@type":"EntryPoint","urlTemplate":"https:\/\/www.propilhas.pt\/?s={search_term_string}"},"query-input":"required name=search_term_string"}],"inLanguage":"en-GB"},{"@type":"Organization","@id":"https:\/\/www.propilhas.pt\/#organization","name":"Propilhas","url":"https:\/\/www.propilhas.pt\/","logo":{"@type":"ImageObject","inLanguage":"en-GB","@id":"https:\/\/www.propilhas.pt\/#\/schema\/logo\/image\/","url":"https:\/\/www.propilhas.pt\/wp-content\/uploads\/2021\/07\/PROPILHAS.png","contentUrl":"https:\/\/www.propilhas.pt\/wp-content\/uploads\/2021\/07\/PROPILHAS.png","width":209,"height":47,"caption":"Propilhas"},"image":{"@id":"https:\/\/www.propilhas.pt\/#\/schema\/logo\/image\/"},"sameAs":["https:\/\/facebook.com\/propilhas\/","https:\/\/pt.linkedin.com\/company\/propilhas"]}]}},"_links":{"self":[{"href":"https:\/\/www.propilhas.pt\/en\/wp-json\/wp\/v2\/pages\/3","targetHints":{"allow":["GET"]}}],"collection":[{"href":"https:\/\/www.propilhas.pt\/en\/wp-json\/wp\/v2\/pages"}],"about":[{"href":"https:\/\/www.propilhas.pt\/en\/wp-json\/wp\/v2\/types\/page"}],"author":[{"embeddable":true,"href":"https:\/\/www.propilhas.pt\/en\/wp-json\/wp\/v2\/users\/1"}],"replies":[{"embeddable":true,"href":"https:\/\/www.propilhas.pt\/en\/wp-json\/wp\/v2\/comments?post=3"}],"version-history":[{"count":28,"href":"https:\/\/www.propilhas.pt\/en\/wp-json\/wp\/v2\/pages\/3\/revisions"}],"predecessor-version":[{"id":3264,"href":"https:\/\/www.propilhas.pt\/en\/wp-json\/wp\/v2\/pages\/3\/revisions\/3264"}],"wp:attachment":[{"href":"https:\/\/www.propilhas.pt\/en\/wp-json\/wp\/v2\/media?parent=3"}],"curies":[{"name":"wp","href":"https:\/\/api.w.org\/{rel}","templated":true}]}}