{"id":444,"date":"2019-11-01T10:05:58","date_gmt":"2019-11-01T09:05:58","guid":{"rendered":"http:\/\/demo.athemes.com\/sydney-redesign\/?page_id=444"},"modified":"2025-09-05T19:17:59","modified_gmt":"2025-09-05T18:17:59","slug":"contactos","status":"publish","type":"page","link":"https:\/\/www.propilhas.pt\/en\/contactos\/","title":{"rendered":"Contacts"},"content":{"rendered":"<div data-elementor-type=\"wp-page\" data-elementor-id=\"444\" class=\"elementor elementor-444\">\n\t\t\t\t\t\t\t\t\t<section class=\"elementor-section elementor-top-section elementor-element elementor-element-1595e52 elementor-section-stretched elementor-section-height-min-height elementor-section-boxed elementor-section-height-default elementor-section-items-middle\" data-id=\"1595e52\" data-element_type=\"section\" data-settings=\"{&quot;stretch_section&quot;:&quot;section-stretched&quot;,&quot;background_background&quot;:&quot;classic&quot;}\">\n\t\t\t\t\t\t<div class=\"elementor-container elementor-column-gap-default\">\n\t\t\t\t\t<div class=\"elementor-column elementor-col-100 elementor-top-column elementor-element elementor-element-2c74840\" data-id=\"2c74840\" data-element_type=\"column\">\n\t\t\t<div class=\"elementor-widget-wrap\">\n\t\t\t\t\t\t\t\t\t<\/div>\n\t\t<\/div>\n\t\t\t\t\t\t\t<\/div>\n\t\t<\/section>\n\t\t\t\t<section class=\"elementor-section elementor-top-section elementor-element elementor-element-584c94ac elementor-section-boxed elementor-section-height-default elementor-section-height-default\" data-id=\"584c94ac\" data-element_type=\"section\">\n\t\t\t\t\t\t<div class=\"elementor-container elementor-column-gap-default\">\n\t\t\t\t\t<div class=\"elementor-column elementor-col-100 elementor-top-column elementor-element elementor-element-7cc08d7e\" data-id=\"7cc08d7e\" data-element_type=\"column\">\n\t\t\t<div class=\"elementor-widget-wrap elementor-element-populated\">\n\t\t\t\t\t\t\t\t<div class=\"elementor-element elementor-element-40e004f9 elementor-widget elementor-widget-heading\" data-id=\"40e004f9\" data-element_type=\"widget\" data-widget_type=\"heading.default\">\n\t\t\t\t<div class=\"elementor-widget-container\">\n\t\t\t<p class=\"elementor-heading-title elementor-size-default\">Contacts<\/p>\t\t<\/div>\n\t\t\t\t<\/div>\n\t\t\t\t\t<\/div>\n\t\t<\/div>\n\t\t\t\t\t\t\t<\/div>\n\t\t<\/section>\n\t\t\t\t<section class=\"elementor-section elementor-top-section elementor-element elementor-element-c3082af elementor-section-boxed elementor-section-height-default elementor-section-height-default\" data-id=\"c3082af\" data-element_type=\"section\">\n\t\t\t\t\t\t<div class=\"elementor-container elementor-column-gap-default\">\n\t\t\t\t\t<div class=\"elementor-column elementor-col-50 elementor-top-column elementor-element elementor-element-22aa67f\" data-id=\"22aa67f\" data-element_type=\"column\">\n\t\t\t<div class=\"elementor-widget-wrap elementor-element-populated\">\n\t\t\t\t\t\t\t\t<section class=\"elementor-section elementor-inner-section elementor-element elementor-element-c1c5763 elementor-section-boxed elementor-section-height-default elementor-section-height-default\" data-id=\"c1c5763\" data-element_type=\"section\">\n\t\t\t\t\t\t<div class=\"elementor-container elementor-column-gap-default\">\n\t\t\t\t\t<div class=\"elementor-column elementor-col-100 elementor-inner-column elementor-element elementor-element-5f8c872\" data-id=\"5f8c872\" data-element_type=\"column\">\n\t\t\t<div class=\"elementor-widget-wrap elementor-element-populated\">\n\t\t\t\t\t\t\t\t<div class=\"elementor-element elementor-element-ae62b07 elementor-widget elementor-widget-heading\" data-id=\"ae62b07\" data-element_type=\"widget\" data-widget_type=\"heading.default\">\n\t\t\t\t<div class=\"elementor-widget-container\">\n\t\t\t<h3 class=\"elementor-heading-title elementor-size-default\">Precisa de ajuda?<\/h3>\t\t<\/div>\n\t\t\t\t<\/div>\n\t\t\t\t\t<\/div>\n\t\t<\/div>\n\t\t\t\t\t\t\t<\/div>\n\t\t<\/section>\n\t\t\t\t<div class=\"elementor-element elementor-element-abd4042 contact_iconed_list elementor-vertical-align-middle elementor-widget elementor-widget-icon-box\" data-id=\"abd4042\" data-element_type=\"widget\" data-widget_type=\"icon-box.default\">\n\t\t\t\t<div class=\"elementor-widget-container\">\n\t\t\t\t\t<div class=\"elementor-icon-box-wrapper\">\n\t\t\t\t\t\t<div class=\"elementor-icon-box-content\">\n\t\t\t\t<span class=\"elementor-icon-box-title\">\n\t\t\t\t\t<span  >\n\t\t\t\t\t\tPode entrar em contacto connosco atrav\u00e9s dos nossos contactos ou atrav\u00e9s do formul\u00e1rio. A nossa equipa estar\u00e1 pronta para levar at\u00e9 si as solu\u00e7\u00f5es de que necessita.\t\t\t\t\t<\/span>\n\t\t\t\t<\/span>\n\t\t\t\t\t\t\t<\/div>\n\t\t<\/div>\n\t\t\t\t<\/div>\n\t\t\t\t<\/div>\n\t\t\t\t<div class=\"elementor-element elementor-element-274a440 elementor-widget-divider--view-line elementor-widget elementor-widget-divider\" data-id=\"274a440\" data-element_type=\"widget\" data-widget_type=\"divider.default\">\n\t\t\t\t<div class=\"elementor-widget-container\">\n\t\t\t\t\t<div class=\"elementor-divider\">\n\t\t\t<span class=\"elementor-divider-separator\">\n\t\t\t\t\t\t<\/span>\n\t\t<\/div>\n\t\t\t\t<\/div>\n\t\t\t\t<\/div>\n\t\t\t\t<div class=\"elementor-element elementor-element-4ddfef1 elementor-position-left contact_iconed_list elementor-vertical-align-middle elementor-view-default elementor-mobile-position-top elementor-widget elementor-widget-icon-box\" data-id=\"4ddfef1\" data-element_type=\"widget\" data-widget_type=\"icon-box.default\">\n\t\t\t\t<div class=\"elementor-widget-container\">\n\t\t\t\t\t<div class=\"elementor-icon-box-wrapper\">\n\t\t\t\t\t\t<div class=\"elementor-icon-box-icon\">\n\t\t\t\t<span class=\"elementor-icon elementor-animation-\" >\n\t\t\t\t<i aria-hidden=\"true\" class=\"fas fa-phone-alt\"><\/i>\t\t\t\t<\/span>\n\t\t\t<\/div>\n\t\t\t\t\t\t<div class=\"elementor-icon-box-content\">\n\t\t\t\t<span class=\"elementor-icon-box-title\">\n\t\t\t\t\t<span  >\n\t\t\t\t\t\t(+351) 27 46 724 84\t\t\t\t\t<\/span>\n\t\t\t\t<\/span>\n\t\t\t\t\t\t\t\t\t<p class=\"elementor-icon-box-description\">\n\t\t\t\t\t\t(Chamada para a rede fixa nacional)\t\t\t\t\t<\/p>\n\t\t\t\t\t\t\t<\/div>\n\t\t<\/div>\n\t\t\t\t<\/div>\n\t\t\t\t<\/div>\n\t\t\t\t<div class=\"elementor-element elementor-element-f166ce2 elementor-position-left contact_iconed_list elementor-vertical-align-middle elementor-view-default elementor-mobile-position-top elementor-widget elementor-widget-icon-box\" data-id=\"f166ce2\" data-element_type=\"widget\" data-widget_type=\"icon-box.default\">\n\t\t\t\t<div class=\"elementor-widget-container\">\n\t\t\t\t\t<div class=\"elementor-icon-box-wrapper\">\n\t\t\t\t\t\t<div class=\"elementor-icon-box-icon\">\n\t\t\t\t<span class=\"elementor-icon elementor-animation-\" >\n\t\t\t\t<i aria-hidden=\"true\" class=\"fas fa-envelope\"><\/i>\t\t\t\t<\/span>\n\t\t\t<\/div>\n\t\t\t\t\t\t<div class=\"elementor-icon-box-content\">\n\t\t\t\t<span class=\"elementor-icon-box-title\">\n\t\t\t\t\t<span  >\n\t\t\t\t\t\tgeral@propilhas.pt\t\t\t\t\t<\/span>\n\t\t\t\t<\/span>\n\t\t\t\t\t\t\t<\/div>\n\t\t<\/div>\n\t\t\t\t<\/div>\n\t\t\t\t<\/div>\n\t\t\t\t<div class=\"elementor-element elementor-element-6b136e2 elementor-position-left contact_iconed_list elementor-vertical-align-middle elementor-view-default elementor-mobile-position-top elementor-widget elementor-widget-icon-box\" data-id=\"6b136e2\" data-element_type=\"widget\" data-widget_type=\"icon-box.default\">\n\t\t\t\t<div class=\"elementor-widget-container\">\n\t\t\t\t\t<div class=\"elementor-icon-box-wrapper\">\n\t\t\t\t\t\t<div class=\"elementor-icon-box-icon\">\n\t\t\t\t<span class=\"elementor-icon elementor-animation-\" >\n\t\t\t\t<i aria-hidden=\"true\" class=\"fas fa-location-arrow\"><\/i>\t\t\t\t<\/span>\n\t\t\t<\/div>\n\t\t\t\t\t\t<div class=\"elementor-icon-box-content\">\n\t\t\t\t<span class=\"elementor-icon-box-title\">\n\t\t\t\t\t<span  >\n\t\t\t\t\t\t\u00c1rea de Acolhimento Empresarial de Vale Porco<br>EN241, Rua B n\u00ba4 - Pavilh\u00e3o2B<br>6150-512 Proen\u00e7a-a-Nova\t\t\t\t\t<\/span>\n\t\t\t\t<\/span>\n\t\t\t\t\t\t\t<\/div>\n\t\t<\/div>\n\t\t\t\t<\/div>\n\t\t\t\t<\/div>\n\t\t\t\t<div class=\"elementor-element elementor-element-56089f8 elementor-widget elementor-widget-google_maps\" data-id=\"56089f8\" data-element_type=\"widget\" data-widget_type=\"google_maps.default\">\n\t\t\t\t<div class=\"elementor-widget-container\">\n\t\t\t\t\t<div class=\"elementor-custom-embed\">\n\t\t\t<iframe loading=\"lazy\"\n\t\t\t\t\tsrc=\"https:\/\/maps.google.com\/maps?q=Propilhas&#038;t=m&#038;z=15&#038;output=embed&#038;iwloc=near\"\n\t\t\t\t\ttitle=\"Propilhas\"\n\t\t\t\t\taria-label=\"Propilhas\"\n\t\t\t><\/iframe>\n\t\t<\/div>\n\t\t\t\t<\/div>\n\t\t\t\t<\/div>\n\t\t\t\t\t<\/div>\n\t\t<\/div>\n\t\t\t\t<div class=\"elementor-column elementor-col-50 elementor-top-column elementor-element elementor-element-fe977e3\" data-id=\"fe977e3\" data-element_type=\"column\">\n\t\t\t<div class=\"elementor-widget-wrap elementor-element-populated\">\n\t\t\t\t\t\t\t\t<div class=\"elementor-element elementor-element-3a7921e elementor-widget elementor-widget-text-editor\" data-id=\"3a7921e\" data-element_type=\"widget\" data-widget_type=\"text-editor.default\">\n\t\t\t\t<div class=\"elementor-widget-container\">\n\t\t\t\t\t\t\t<p>\n<div class=\"wpcf7 no-js\" id=\"wpcf7-f701-o1\" lang=\"pt-PT\" dir=\"ltr\">\n<div class=\"screen-reader-response\"><p role=\"status\" aria-live=\"polite\" aria-atomic=\"true\"><\/p> <ul><\/ul><\/div>\n<form action=\"\/en\/wp-json\/wp\/v2\/pages\/444#wpcf7-f701-o1\" method=\"post\" class=\"wpcf7-form init\" aria-label=\"Formul\u00e1rio de contacto\" novalidate=\"novalidate\" data-status=\"init\" data-trp-original-action=\"\/en\/wp-json\/wp\/v2\/pages\/444#wpcf7-f701-o1\">\n<div style=\"display: none;\">\n<input type=\"hidden\" name=\"_wpcf7\" value=\"701\" \/>\n<input type=\"hidden\" name=\"_wpcf7_version\" value=\"5.8\" \/>\n<input type=\"hidden\" name=\"_wpcf7_locale\" value=\"pt_PT\" \/>\n<input type=\"hidden\" name=\"_wpcf7_unit_tag\" value=\"wpcf7-f701-o1\" \/>\n<input type=\"hidden\" name=\"_wpcf7_container_post\" value=\"0\" \/>\n<input type=\"hidden\" name=\"_wpcf7_posted_data_hash\" value=\"\" \/>\n<\/div>\n<p><label> Nome<br \/>\n<span class=\"wpcf7-form-control-wrap\" data-name=\"your-name\"><input size=\"40\" class=\"wpcf7-form-control wpcf7-text wpcf7-validates-as-required\" aria-required=\"true\" aria-invalid=\"false\" value=\"\" type=\"text\" name=\"your-name\" \/><\/span> <\/label>\n<\/p>\n<p><label> Email<br \/>\n<span class=\"wpcf7-form-control-wrap\" data-name=\"your-email\"><input size=\"40\" class=\"wpcf7-form-control wpcf7-email wpcf7-validates-as-required wpcf7-text wpcf7-validates-as-email\" aria-required=\"true\" aria-invalid=\"false\" value=\"\" type=\"email\" name=\"your-email\" \/><\/span> <\/label>\n<\/p>\n<p><label> Telefone<br \/>\n<span class=\"wpcf7-form-control-wrap\" data-name=\"Telefone\"><input size=\"40\" class=\"wpcf7-form-control wpcf7-tel wpcf7-validates-as-required wpcf7-text wpcf7-validates-as-tel\" aria-required=\"true\" aria-invalid=\"false\" value=\"\" type=\"tel\" name=\"Telefone\" \/><\/span> <\/label>\n<\/p>\n<p><label> Assunto<br \/>\n<span class=\"wpcf7-form-control-wrap\" data-name=\"your-subject\"><input size=\"40\" class=\"wpcf7-form-control wpcf7-text wpcf7-validates-as-required\" aria-required=\"true\" aria-invalid=\"false\" value=\"\" type=\"text\" name=\"your-subject\" \/><\/span> <\/label>\n<\/p>\n<p><label> Motivo de contacto<br \/>\n<span class=\"wpcf7-form-control-wrap\" data-name=\"Motivo\"><select class=\"wpcf7-form-control wpcf7-select wpcf7-validates-as-required\" aria-required=\"true\" aria-invalid=\"false\" name=\"Motivo\"><option value=\"Encomendas\">Encomendas<\/option><option value=\"Apoio t\u00e9cnico\">Apoio t\u00e9cnico<\/option><option value=\"Fornecimento\">Fornecimento<\/option><option value=\"Parcerias\">Parcerias<\/option><option value=\"Trabalhar connosco\">Trabalhar connosco<\/option><\/select><\/span> <\/label>\n<\/p>\n<p><label> Mensagem<br \/>\n<span class=\"wpcf7-form-control-wrap\" data-name=\"your-message\"><textarea cols=\"40\" rows=\"10\" class=\"wpcf7-form-control wpcf7-textarea wpcf7-validates-as-required\" aria-required=\"true\" aria-invalid=\"false\" name=\"your-message\"><\/textarea><\/span> <\/label>\n<\/p>\n<p><label> <span class=\"wpcf7-form-control-wrap\" data-name=\"TratamentodeDadosPessoais\"><span class=\"wpcf7-form-control wpcf7-acceptance\"><span class=\"wpcf7-list-item\"><input type=\"checkbox\" name=\"TratamentodeDadosPessoais\" value=\"1\" aria-invalid=\"false\" \/><\/span><\/span><\/span> Li e aceito o <a href=\"https:\/\/www.propilhas.pt\/en\/politica-privacidade\/\">tratamento de dados pessoais<\/a> <\/label>\n<\/p>\n<p><input class=\"wpcf7-form-control wpcf7-submit has-spinner\" type=\"submit\" value=\"Enviar\" \/>\n<\/p><div class=\"wpcf7-response-output\" aria-hidden=\"true\"><\/div>\n<input type=\"hidden\" name=\"trp-form-language\" value=\"en\"\/><\/form>\n<\/div>\n<\/p>\t\t\t\t\t\t<\/div>\n\t\t\t\t<\/div>\n\t\t\t\t\t<\/div>\n\t\t<\/div>\n\t\t\t\t\t\t\t<\/div>\n\t\t<\/section>\n\t\t\t\t<section class=\"elementor-section elementor-top-section elementor-element elementor-element-2b3f23b elementor-section-boxed elementor-section-height-default elementor-section-height-default\" data-id=\"2b3f23b\" data-element_type=\"section\">\n\t\t\t\t\t\t<div class=\"elementor-container elementor-column-gap-default\">\n\t\t\t\t\t<div class=\"elementor-column elementor-col-100 elementor-top-column elementor-element elementor-element-468cbd2\" data-id=\"468cbd2\" data-element_type=\"column\">\n\t\t\t<div class=\"elementor-widget-wrap\">\n\t\t\t\t\t\t\t\t\t<\/div>\n\t\t<\/div>\n\t\t\t\t\t\t\t<\/div>\n\t\t<\/section>\n\t\t\t\t\t\t\t<\/div>","protected":false},"excerpt":{"rendered":"<p>Contactos Precisa de ajuda? Pode entrar em contacto connosco atrav\u00e9s dos nossos contactos ou atrav\u00e9s do formul\u00e1rio. A nossa equipa estar\u00e1 pronta [&hellip;]<\/p>","protected":false},"author":1,"featured_media":0,"parent":0,"menu_order":0,"comment_status":"closed","ping_status":"closed","template":"page-templates\/page_front-page.php","meta":{"footnotes":""},"class_list":["post-444","page","type-page","status-publish","hentry"],"yoast_head":"<!-- This site is optimized with the Yoast SEO plugin v20.13 - https:\/\/yoast.com\/wordpress\/plugins\/seo\/ -->\n<title>Contactos - Propilhas<\/title>\n<meta name=\"description\" content=\"Precisa de ajuda? Entre em contacto com a nossa empresa. A equipa da Propilhas estar\u00e1 pronta para ajudar. Consulte aqui os nossos contactos.\" \/>\n<meta name=\"robots\" content=\"index, follow, max-snippet:-1, max-image-preview:large, max-video-preview:-1\" \/>\n<link rel=\"canonical\" href=\"https:\/\/www.propilhas.pt\/en\/contactos\/\" \/>\n<meta property=\"og:locale\" content=\"en_GB\" \/>\n<meta property=\"og:type\" content=\"article\" \/>\n<meta property=\"og:title\" content=\"Contactos - Propilhas\" \/>\n<meta property=\"og:description\" content=\"Precisa de ajuda? Entre em contacto com a nossa empresa. A equipa da Propilhas estar\u00e1 pronta para ajudar. Consulte aqui os nossos contactos.\" \/>\n<meta property=\"og:url\" content=\"https:\/\/www.propilhas.pt\/en\/contactos\/\" \/>\n<meta property=\"og:site_name\" content=\"Propilhas\" \/>\n<meta property=\"article:publisher\" content=\"https:\/\/facebook.com\/propilhas\/\" \/>\n<meta property=\"article:modified_time\" content=\"2025-09-05T18:17:59+00:00\" \/>\n<meta property=\"og:image\" content=\"https:\/\/www.propilhas.pt\/wp-content\/uploads\/2021\/08\/cropped-Propilhas-Logotipo-1.png\" \/>\n\t<meta property=\"og:image:width\" content=\"512\" \/>\n\t<meta property=\"og:image:height\" content=\"512\" \/>\n\t<meta property=\"og:image:type\" content=\"image\/png\" \/>\n<meta name=\"twitter:card\" content=\"summary_large_image\" \/>\n<meta name=\"twitter:label1\" content=\"Estimated reading time\" \/>\n\t<meta name=\"twitter:data1\" content=\"1 minute\" \/>\n<script type=\"application\/ld+json\" class=\"yoast-schema-graph\">{\"@context\":\"https:\/\/schema.org\",\"@graph\":[{\"@type\":\"WebPage\",\"@id\":\"https:\/\/www.propilhas.pt\/contactos\/\",\"url\":\"https:\/\/www.propilhas.pt\/contactos\/\",\"name\":\"Contactos - Propilhas\",\"isPartOf\":{\"@id\":\"https:\/\/www.propilhas.pt\/#website\"},\"datePublished\":\"2019-11-01T09:05:58+00:00\",\"dateModified\":\"2025-09-05T18:17:59+00:00\",\"description\":\"Precisa de ajuda? Entre em contacto com a nossa empresa. A equipa da Propilhas estar\u00e1 pronta para ajudar. Consulte aqui os nossos contactos.\",\"breadcrumb\":{\"@id\":\"https:\/\/www.propilhas.pt\/contactos\/#breadcrumb\"},\"inLanguage\":\"en-GB\",\"potentialAction\":[{\"@type\":\"ReadAction\",\"target\":[\"https:\/\/www.propilhas.pt\/contactos\/\"]}]},{\"@type\":\"BreadcrumbList\",\"@id\":\"https:\/\/www.propilhas.pt\/contactos\/#breadcrumb\",\"itemListElement\":[{\"@type\":\"ListItem\",\"position\":1,\"name\":\"In\u00edcio\",\"item\":\"https:\/\/www.propilhas.pt\/\"},{\"@type\":\"ListItem\",\"position\":2,\"name\":\"Contactos\"}]},{\"@type\":\"WebSite\",\"@id\":\"https:\/\/www.propilhas.pt\/#website\",\"url\":\"https:\/\/www.propilhas.pt\/\",\"name\":\"Propilhas\",\"description\":\"Propilhas\",\"publisher\":{\"@id\":\"https:\/\/www.propilhas.pt\/#organization\"},\"potentialAction\":[{\"@type\":\"SearchAction\",\"target\":{\"@type\":\"EntryPoint\",\"urlTemplate\":\"https:\/\/www.propilhas.pt\/?s={search_term_string}\"},\"query-input\":\"required name=search_term_string\"}],\"inLanguage\":\"en-GB\"},{\"@type\":\"Organization\",\"@id\":\"https:\/\/www.propilhas.pt\/#organization\",\"name\":\"Propilhas\",\"url\":\"https:\/\/www.propilhas.pt\/\",\"logo\":{\"@type\":\"ImageObject\",\"inLanguage\":\"en-GB\",\"@id\":\"https:\/\/www.propilhas.pt\/#\/schema\/logo\/image\/\",\"url\":\"https:\/\/www.propilhas.pt\/wp-content\/uploads\/2021\/07\/PROPILHAS.png\",\"contentUrl\":\"https:\/\/www.propilhas.pt\/wp-content\/uploads\/2021\/07\/PROPILHAS.png\",\"width\":209,\"height\":47,\"caption\":\"Propilhas\"},\"image\":{\"@id\":\"https:\/\/www.propilhas.pt\/#\/schema\/logo\/image\/\"},\"sameAs\":[\"https:\/\/facebook.com\/propilhas\/\",\"https:\/\/pt.linkedin.com\/company\/propilhas\"]}]}<\/script>\n<!-- \/ Yoast SEO plugin. -->","yoast_head_json":{"title":"Contactos - Propilhas","description":"Precisa de ajuda? Entre em contacto com a nossa empresa. A equipa da Propilhas estar\u00e1 pronta para ajudar. Consulte aqui os nossos contactos.","robots":{"index":"index","follow":"follow","max-snippet":"max-snippet:-1","max-image-preview":"max-image-preview:large","max-video-preview":"max-video-preview:-1"},"canonical":"https:\/\/www.propilhas.pt\/en\/contactos\/","og_locale":"en_GB","og_type":"article","og_title":"Contactos - Propilhas","og_description":"Precisa de ajuda? Entre em contacto com a nossa empresa. A equipa da Propilhas estar\u00e1 pronta para ajudar. Consulte aqui os nossos contactos.","og_url":"https:\/\/www.propilhas.pt\/en\/contactos\/","og_site_name":"Propilhas","article_publisher":"https:\/\/facebook.com\/propilhas\/","article_modified_time":"2025-09-05T18:17:59+00:00","og_image":[{"width":512,"height":512,"url":"https:\/\/www.propilhas.pt\/wp-content\/uploads\/2021\/08\/cropped-Propilhas-Logotipo-1.png","type":"image\/png"}],"twitter_card":"summary_large_image","twitter_misc":{"Estimated reading time":"1 minute"},"schema":{"@context":"https:\/\/schema.org","@graph":[{"@type":"WebPage","@id":"https:\/\/www.propilhas.pt\/contactos\/","url":"https:\/\/www.propilhas.pt\/contactos\/","name":"Contactos - Propilhas","isPartOf":{"@id":"https:\/\/www.propilhas.pt\/#website"},"datePublished":"2019-11-01T09:05:58+00:00","dateModified":"2025-09-05T18:17:59+00:00","description":"Precisa de ajuda? Entre em contacto com a nossa empresa. A equipa da Propilhas estar\u00e1 pronta para ajudar. Consulte aqui os nossos contactos.","breadcrumb":{"@id":"https:\/\/www.propilhas.pt\/contactos\/#breadcrumb"},"inLanguage":"en-GB","potentialAction":[{"@type":"ReadAction","target":["https:\/\/www.propilhas.pt\/contactos\/"]}]},{"@type":"BreadcrumbList","@id":"https:\/\/www.propilhas.pt\/contactos\/#breadcrumb","itemListElement":[{"@type":"ListItem","position":1,"name":"In\u00edcio","item":"https:\/\/www.propilhas.pt\/"},{"@type":"ListItem","position":2,"name":"Contactos"}]},{"@type":"WebSite","@id":"https:\/\/www.propilhas.pt\/#website","url":"https:\/\/www.propilhas.pt\/","name":"Propilhas","description":"Propilhas","publisher":{"@id":"https:\/\/www.propilhas.pt\/#organization"},"potentialAction":[{"@type":"SearchAction","target":{"@type":"EntryPoint","urlTemplate":"https:\/\/www.propilhas.pt\/?s={search_term_string}"},"query-input":"required name=search_term_string"}],"inLanguage":"en-GB"},{"@type":"Organization","@id":"https:\/\/www.propilhas.pt\/#organization","name":"Propilhas","url":"https:\/\/www.propilhas.pt\/","logo":{"@type":"ImageObject","inLanguage":"en-GB","@id":"https:\/\/www.propilhas.pt\/#\/schema\/logo\/image\/","url":"https:\/\/www.propilhas.pt\/wp-content\/uploads\/2021\/07\/PROPILHAS.png","contentUrl":"https:\/\/www.propilhas.pt\/wp-content\/uploads\/2021\/07\/PROPILHAS.png","width":209,"height":47,"caption":"Propilhas"},"image":{"@id":"https:\/\/www.propilhas.pt\/#\/schema\/logo\/image\/"},"sameAs":["https:\/\/facebook.com\/propilhas\/","https:\/\/pt.linkedin.com\/company\/propilhas"]}]}},"_links":{"self":[{"href":"https:\/\/www.propilhas.pt\/en\/wp-json\/wp\/v2\/pages\/444","targetHints":{"allow":["GET"]}}],"collection":[{"href":"https:\/\/www.propilhas.pt\/en\/wp-json\/wp\/v2\/pages"}],"about":[{"href":"https:\/\/www.propilhas.pt\/en\/wp-json\/wp\/v2\/types\/page"}],"author":[{"embeddable":true,"href":"https:\/\/www.propilhas.pt\/en\/wp-json\/wp\/v2\/users\/1"}],"replies":[{"embeddable":true,"href":"https:\/\/www.propilhas.pt\/en\/wp-json\/wp\/v2\/comments?post=444"}],"version-history":[{"count":87,"href":"https:\/\/www.propilhas.pt\/en\/wp-json\/wp\/v2\/pages\/444\/revisions"}],"predecessor-version":[{"id":5208,"href":"https:\/\/www.propilhas.pt\/en\/wp-json\/wp\/v2\/pages\/444\/revisions\/5208"}],"wp:attachment":[{"href":"https:\/\/www.propilhas.pt\/en\/wp-json\/wp\/v2\/media?parent=444"}],"curies":[{"name":"wp","href":"https:\/\/api.w.org\/{rel}","templated":true}]}}